{"id":72,"date":"2015-07-08T17:01:13","date_gmt":"2015-07-08T21:31:13","guid":{"rendered":"http:\/\/blog.platiniumhost.com\/?page_id=72"},"modified":"2025-05-14T16:39:30","modified_gmt":"2025-05-14T16:39:30","slug":"diseno-web","status":"publish","type":"page","link":"https:\/\/platiniumhost.com\/blog\/diseno-web\/","title":{"rendered":"Dise\u00f1o Web"},"content":{"rendered":"<div id=\"sub_content\">\n<div class=\"container\">\n<div class=\"what_do\">\n<p><img decoding=\"async\" src=\"http:\/\/www.platiniumhost.com\/images\/diseno-de-paginas-web.png\" alt=\"\" width=\"350\" border=\"0\" \/><\/p>\n<div class=\"text\">\n<h2>Dise\u00f1o de p\u00e1ginas web<\/h2>\n<p style=\"text-align: center;\">Dise\u00f1o de P\u00e1ginas Web, Ofrecemos Dise\u00f1o off-shore a cualquier parte del mundo. Contamos con experiencia en el Dise\u00f1o y Desarrollo de P\u00e1ginas web, Posicionamiento de P\u00e1ginas web y Proyectos de Desarrollo de Sistemas Adaptados a la medida, de gran calidad profesional y alto impacto.<\/p>\n<p style=\"text-align: center;\">Estamos en constante b\u00fasqueda de la investigaci\u00f3n de nuevas tecnolog\u00edas aplicadas a Internet y nuevas tendencias, lo que nos permite mejorar con cada trabajo realizado por nuestra empresa. Una muestra de ello es nuestra cartera de clientes satisfechos por todos nuestros trabajos y reconocimiento a trav\u00e9s de los a\u00f1os.<\/p>\n<\/div>\n<\/div>\n<div class=\"clear\"><\/div>\n<\/div>\n<div class=\"light_bg\">\n<div class=\"container\">\n<div class=\"our_mission\">\n<p><img decoding=\"async\" src=\"http:\/\/www.platiniumhost.com\/images\/fabrica_software.jpg\" alt=\"\" width=\"350\" border=\"0\" \/><\/p>\n<div class=\"text\">\n<h2>Desarrollo de software a la medida<\/h2>\n<p style=\"text-align: justify;\">Somos expertos en desarrollo de sistemas web, contamos con un equipo de programadores web listos para enfrentar cualquier reto, y con una amplia experiencia. Desarrollamos aplicaciones web en la nube y sistemas a la medida apeg\u00e1ndonos a los requerimientos del cliente. La tendencia actual en el software va hacia las aplicaciones web y el cloud computing. Nosotros estamos actualizados en las \u00faltimas tecnolog\u00edas disponibles y tenemos experiencia para llevar un proyecto de software al siguiente nivel.<br \/>\nNosotros hacemos todo el trabajo directamente, sin subcontratar empresas externas. Somos expertos en desarrollo web a la medida y contamos con el capital humano m\u00e1s experimentado. Tenemos experiencia en sistemas web con las siguientes caracter\u00edsticas:<\/p>\n<ul>\n<li class=\"tick\" style=\"text-align: justify;\">Sistemas a la medida para empresas, se trata de un sistema web para control interno de su empresa o un programa web con alguna funcionalidad espec\u00edfica.<\/li>\n<li class=\"tick\">Desarrollo de sistemas integrados con un sitio web. Para el control de alguna funcionalidad espec\u00edfica en su p\u00e1gina web, como por ejemplo: un sistema integrado de mensajer\u00eda, sistema de control de venta de veh\u00edculos etc.<\/li>\n<li class=\"tick\">Sistemas web conectados con social media. Como un sistema que se conecta con las redes sociales para hacer una funci\u00f3n en particular. Integraci\u00f3n con twitter, facebook, tumblr, linked in, etc.<\/li>\n<li class=\"tick\">Sistemas de alta disponibilidad. Cuando un sistema necesita soportar una cantidad importante de usuarios y tener la escalabilidad para crecer cuando sea necesario.<\/li>\n<li class=\"tick\">Integraci\u00f3n de pasarelas de pago hemos desarrollado integraciones con los pagos de PayPal, Mercado Pago, Mercantil entre otros. Nuestros desarrollos web adem\u00e1s cuentan con un nivel de seguridad muy por encima de lo que ofrece la industria.<\/li>\n<li class=\"tick\">Sistemas con seguridad avanzada Nuestro equipo de desarrollo est\u00e1 capacitado en los m\u00e1s altos est\u00e1ndares de seguridad web, y es certificado por nuestros expertos en seguridad, lo cual permite que tengamos la capacidad de desarrollar sistemas web con una seguridad mucho mayor.<\/li>\n<li class=\"tick\">Tenemos amplia experiencia en programas para la web y aplicaciones de alta disponibilidad con un gran n\u00famero de usuarios activos.Nuestros sistemas cuentan con los est\u00e1ndares m\u00e1s altos de la industria en seguridad web, ya que nos apegamos a los lineamientos de la OWASP.<\/li>\n<\/ul>\n<\/div>\n<\/div>\n<\/div>\n<div class=\"clear\"><\/div>\n<\/div>\n<div class=\"container\">\n<div class=\"what_do\">\n<p><img decoding=\"async\" src=\"http:\/\/www.platiniumhost.com\/images\/seo-y-sem.jpg\" alt=\"\" width=\"350\" border=\"0\" \/><\/p>\n<div class=\"text\">\n<h2>Publicidad en redes sociales &#8211; SEO &#8211; SEM<\/h2>\n<p style=\"text-align: justify;\">Con la evoluci\u00f3n actual del Internet y la tecnolog\u00eda en general, muchas gente est\u00e1 buscando la estrategia de mercadeo \u00f3ptima para hacer de sus compa\u00f1ias un activo valioso para la sociedad. En Enigma Estudios Creatios conocemos el campo del dise\u00f1o y desarrollo web. Le proveeremos soluciones que se adapten a sus necesidades para una mejor experiencia. Usamos t\u00e9cnicas como el Posicionamiento Web (SEO), Pago Por Click (PPC), Google Analytics, manejo de redes sociales y otras estrategias de mercadeo para posicionar su sitio web como n\u00famero UNO en cualquiera de los buscadores en l\u00ednea m\u00e1s utilizados como Google, Bing o Yahoo. La optimizaci\u00f3n web es la lleva para hacer que su negocio sea virtualmente accesible y facilitarle a sus clientes llegar a Ud. de manera f\u00e1cil y r\u00e1pida. Estrictamente nos enfocamos en hacer que su negocio sea exitoso y es por eso que en Enigma, trabajamos para darle una mejor experiencia en l\u00ednea.<\/p>\n<p style=\"text-align: justify;\">Twitter: &#8211; Colocaci\u00f3n de informaci\u00f3n en Twitter y constante seguimiento ofreciendo promociones e induciendo a las personas a entrar en su p\u00e1gina web para dar a conocer m\u00e1s sus productos y servicios. Sabemos las horas id\u00f3neas para hacer los twitts de sus productos, y as\u00ed hacer llegar m\u00e1s la informaci\u00f3n a sus futuros clientes.<\/p>\n<p style=\"text-align: justify;\">Facebook: &#8211; Contamos con un equipo que se encarga de generar contenido bien preciso para que los futuros usuarios interact\u00faen con su marca o empresa.<br \/>\nDise\u00f1amos banner publicitario + contenido en Facebook con un constante seguimiento ofreciendo promociones frescas y din\u00e1micas para hacer crecer a\u00fan m\u00e1s sus producto.<\/p>\n<\/div>\n<\/div>\n<div class=\"clear\"><\/div>\n<\/div>\n<div class=\"light_bg\">\n<div class=\"container\">\n<div class=\"our_mission\">\n<p><img decoding=\"async\" src=\"http:\/\/www.platiniumhost.com\/images\/imagen_corporativa.jpg\" alt=\"\" width=\"350\" border=\"0\" \/><\/p>\n<div class=\"text\">\n<h2>Identidad Corporativa<\/h2>\n<p style=\"text-align: justify;\">Las empresas necesitan destacarse, crear una identidad cuidadosamente constituida es de gran ayuda, para lograr que cada empresa tenga una mejor proyecci\u00f3n. Por eso es que Grupo Platinium, desarrolla, crea y dise\u00f1a toda imagen e identidad corporativa para su empresa.<\/p>\n<\/div>\n<\/div>\n<\/div>\n<div class=\"clear\"><\/div>\n<\/div>\n<div class=\"container\">\n<div class=\"what_do\">\n<p><img decoding=\"async\" src=\"http:\/\/www.platiniumhost.com\/images\/fotografia.jpg\" alt=\"\" width=\"350\" border=\"0\" \/><\/p>\n<div class=\"text\">\n<h2>Fotograf\u00eda<\/h2>\n<p style=\"text-align: justify;\">Contamos con fotograf\u00eda digital para que sus sitios web presenten im\u00e1genes de alta calidad y resoluci\u00f3n \u00f3ptima. Adem\u00e1s brindamos el servicio de retoque y manipulaci\u00f3n de im\u00e1genes a cargo de especialistas en dise\u00f1o grafico.<\/p>\n<p style=\"text-align: justify;\">Presentaci\u00f3n Multimedia + Cat\u00e1logos Interactivos, consiste en entregar al usuario informaci\u00f3n que puede ser vista, proyectada o reproducida en un dispositivo local como un Computador, o proyector de video, donde el cliente puede presentar ideas nuevas, productos, cat\u00e1logos, im\u00e1genes mediante la utilizaci\u00f3n de recursos de audio, animaci\u00f3n, video, texto, e interactividad.<\/p>\n<\/div>\n<\/div>\n<div class=\"clear\"><\/div>\n<\/div>\n<\/div>\n","protected":false},"excerpt":{"rendered":"<p>Dise\u00f1o de p\u00e1ginas web Dise\u00f1o de P\u00e1ginas Web, Ofrecemos Dise\u00f1o off-shore a cualquier parte del mundo. Contamos con experiencia en el Dise\u00f1o y Desarrollo de P\u00e1ginas web, Posicionamiento de P\u00e1ginas web y Proyectos de Desarrollo de Sistemas Adaptados a la medida, de gran calidad profesional y alto impacto. Estamos en constante b\u00fasqueda de la investigaci\u00f3n&#8230;<\/p>\n","protected":false},"author":1,"featured_media":0,"parent":0,"menu_order":0,"comment_status":"closed","ping_status":"closed","template":"","meta":{"_monsterinsights_skip_tracking":false,"_monsterinsights_sitenote_active":false,"_monsterinsights_sitenote_note":"","_monsterinsights_sitenote_category":0,"footnotes":""},"class_list":["post-72","page","type-page","status-publish","hentry"],"_links":{"self":[{"href":"https:\/\/platiniumhost.com\/blog\/wp-json\/wp\/v2\/pages\/72","targetHints":{"allow":["GET"]}}],"collection":[{"href":"https:\/\/platiniumhost.com\/blog\/wp-json\/wp\/v2\/pages"}],"about":[{"href":"https:\/\/platiniumhost.com\/blog\/wp-json\/wp\/v2\/types\/page"}],"author":[{"embeddable":true,"href":"https:\/\/platiniumhost.com\/blog\/wp-json\/wp\/v2\/users\/1"}],"replies":[{"embeddable":true,"href":"https:\/\/platiniumhost.com\/blog\/wp-json\/wp\/v2\/comments?post=72"}],"version-history":[{"count":0,"href":"https:\/\/platiniumhost.com\/blog\/wp-json\/wp\/v2\/pages\/72\/revisions"}],"wp:attachment":[{"href":"https:\/\/platiniumhost.com\/blog\/wp-json\/wp\/v2\/media?parent=72"}],"curies":[{"name":"wp","href":"https:\/\/api.w.org\/{rel}","templated":true}]}}