{"id":1408,"date":"2019-11-22T19:20:10","date_gmt":"2019-11-22T19:20:10","guid":{"rendered":"https:\/\/blog.platiniumhost.com\/?page_id=1408"},"modified":"2019-11-22T19:20:12","modified_gmt":"2019-11-22T19:20:12","slug":"el-diseno-de-logotipo","status":"publish","type":"page","link":"https:\/\/platiniumhost.com\/blog\/el-diseno-de-logotipo\/","title":{"rendered":"El Dise\u00f1o de Logotipo"},"content":{"rendered":"\n<p style=\"text-align: justify;\">La imagen corporativa de una empresa, es el conjunto de elementos gr\u00e1ficos que identifican a una marca para de esta manera diferenciarse de sus competidores en el mercado. Uno de los elementos m\u00e1s importantes es el logotipo, el cual, est\u00e1 compuesto solo por letras y tiene diferentes variaciones seg\u00fan el mensaje que desea comunicar la empresa.<\/p>\n<p style=\"text-align: justify;\">Para que una marca, logre transmitir sus valores y su esencia es necesario que se asesore de forma profesional con una persona capacitada para este fin, en el caso de la identidad corporativa, se recomienda consultar con un publicista y\/o <a href=\"https:\/\/www.platiniumhost.com\/servicios\">dise\u00f1ador gr\u00e1fico<\/strong>.<\/p>\n<p>\u00a0<\/p>\n<p><img fetchpriority=\"high\" decoding=\"async\" class=\"aligncenter size-full wp-image-1409\" src=\"https:\/\/blog.platiniumhost.com\/wp-content\/uploads\/2019\/11\/diseno-logotipos.jpg\" alt=\"\" width=\"820\" height=\"312\" srcset=\"https:\/\/platiniumhost.com\/blog\/wp-content\/uploads\/2019\/11\/diseno-logotipos.jpg 820w, https:\/\/platiniumhost.com\/blog\/wp-content\/uploads\/2019\/11\/diseno-logotipos-150x57.jpg 150w, https:\/\/platiniumhost.com\/blog\/wp-content\/uploads\/2019\/11\/diseno-logotipos-300x114.jpg 300w, https:\/\/platiniumhost.com\/blog\/wp-content\/uploads\/2019\/11\/diseno-logotipos-768x292.jpg 768w, https:\/\/platiniumhost.com\/blog\/wp-content\/uploads\/2019\/11\/diseno-logotipos-170x65.jpg 170w, https:\/\/platiniumhost.com\/blog\/wp-content\/uploads\/2019\/11\/diseno-logotipos-370x141.jpg 370w, https:\/\/platiniumhost.com\/blog\/wp-content\/uploads\/2019\/11\/diseno-logotipos-780x297.jpg 780w\" sizes=\"(max-width: 820px) 100vw, 820px\" \/><\/p>\n<p style=\"text-align: justify;\">Hoy en d\u00eda, las grandes marcas a nivel mundial deben estar a la par de ciertas tendencias para refrescar continuamente su imagen corporativa, ya que esto representa una evoluci\u00f3n en la historia de la marca, que conecta con los posibles nuevos compradores o consumidores, es por esto que es importante evaluar los objetivos que se plantean para saber el momento adecuado en el que este cambio es requerido.<\/p>\n<p style=\"text-align: justify;\">Si tu empresa posee el mismo logotipo desde sus inicios, puede ocasionar que el p\u00fablico pierda el inter\u00e9s en este producto o servicio, debido a que no se adapta a los gustos de nuevas generaciones de clientes, y genera un desgaste visual en los consumidores tradicionales. Cuando una marca va creciendo y desarrolla nuevos productos para nichos espec\u00edficos, debe adaptar su identidad a lo que ese p\u00fablico cautivo est\u00e1 esperando de ellos.<\/p>\n<p style=\"text-align: justify;\">Recordemos que es necesario evaluar si el cambio debe ser total o parcial, esto quiere decir, que si la empresa saca una l\u00ednea nueva, al logotipo se le puede a\u00f1adir un elemento diferenciador que permita identificar esa gama en particular.<\/p>\n<p style=\"text-align: justify;\">Esta evoluci\u00f3n de la identidad corporativa es mucho m\u00e1s sencilla si se cuenta con el equipo capacitado para desarrollar un brainstorming que contemple todas las opciones que pueden ser utilizadas, respondiendo siempre a las nuevas necesidades del mercado.<\/p>\n<p style=\"text-align: justify;\">Para el profesional que se dedica al d<a href=\"https:\/\/www.platiniumhost.com\/servicios\">ise\u00f1o de logotipos<\/strong> es imprescindible, conocer las tendencias actuales en materia de identidad corporativa, para de esta forma tener las herramientas que permitan orientar ese dise\u00f1o a una imagen equilibrada, que contemple los valores de la empresa, que exprese de forma sencilla el objetivo principal de la empresa y que a trav\u00e9s de sus colores genere sensaciones y emociones en el consumidor, de manera que reaccione positivamente ante esta imagen y lo que representa.<\/p>\n<p style=\"text-align: justify;\">Para realizar este proceso de dise\u00f1o de identidad corporativa se deben tener todos los elementos referentes a la empresa, plasmados en un briefing o entrevista previa con el cliente, donde el profesional recopile esos aspectos necesarios a resaltar dentro del dise\u00f1o: colores, tipograf\u00edas, valores, emociones, el p\u00fablico objetivo al que va dirigida la marca, contrastes y los formatos en los que va a ser utilizado este dise\u00f1o, para de esta forma definir los usos correctos de la identidad corporativa.<\/p>\n<p style=\"text-align: justify;\">Otro punto a relucir a la hora de dise\u00f1ar es que muchos profesionales del dise\u00f1o utilizan \u201cla ret\u00edcula\u201d, una herramienta que permite colocar los elementos de forma organizada en funci\u00f3n de l\u00edneas verticales y horizontales, otros profesionales utilizan ciertas reglas de composici\u00f3n, como la regla de los tercios, equilibrio, la proporci\u00f3n aurea, entre otras, para lograr conseguir la armon\u00eda que comunique el mensaje de la marca.<\/p>\n<p style=\"text-align: justify;\">Cuando emprendes el dise\u00f1o de una identidad como marca, es fundamental utilizar elementos \u00fanicos, que permitan diferenciarte de tus competidores y evitar plagiar formas o elementos de otra persona o que otras marcas puedan utilizar esos elementos para copiarte. Si esto ocurre por parte del dise\u00f1ador, puede colocar a la empresa en dificultades legales complejas.<\/p>\n<p style=\"text-align: justify;\">Por el miedo que esto implica, acudimos a una de las preguntas m\u00e1s realizadas por los empresarios \u00bfC\u00f3mo s\u00e9 cu\u00e1l es el tipo de logotipo adecuado para mi marca? \u00bfY c\u00f3mo me cercioro de que sea 100% \u00fanica? , existen diferentes tipos de identidad visual que puede representar a una marca a trav\u00e9s del dise\u00f1o, a continuaci\u00f3n te mostramos algunas de las principales.<\/p>\n<p style=\"text-align: justify;\">El primero, como ya lo nombramos anteriormente, es el logotipo, que est\u00e1 conformado solo por palabras, generalmente tiene el nombre de la compa\u00f1\u00eda de una forma muy resumida y es principalmente recomendado para posicionar el nombre en el mercado.<\/p>\n<p style=\"text-align: justify;\">El Isotipo, es un \u00edcono o elemento gr\u00e1fico que nos recuerda f\u00e1cilmente el nombre de la marca que representa, con solamente verlo ya sabemos de qu\u00e9 se trata.<\/p>\n<p style=\"text-align: justify;\">El Imagotipo es una identidad compuesta por texto y una imagen, es la<img decoding=\"async\" class=\"alignright  wp-image-1410\" src=\"https:\/\/blog.platiniumhost.com\/wp-content\/uploads\/2019\/11\/isologo-imago-logo-infografia.png\" alt=\"\" width=\"344\" height=\"256\" srcset=\"https:\/\/platiniumhost.com\/blog\/wp-content\/uploads\/2019\/11\/isologo-imago-logo-infografia.png 800w, https:\/\/platiniumhost.com\/blog\/wp-content\/uploads\/2019\/11\/isologo-imago-logo-infografia-150x112.png 150w, https:\/\/platiniumhost.com\/blog\/wp-content\/uploads\/2019\/11\/isologo-imago-logo-infografia-300x224.png 300w, https:\/\/platiniumhost.com\/blog\/wp-content\/uploads\/2019\/11\/isologo-imago-logo-infografia-768x572.png 768w, https:\/\/platiniumhost.com\/blog\/wp-content\/uploads\/2019\/11\/isologo-imago-logo-infografia-148x110.png 148w, https:\/\/platiniumhost.com\/blog\/wp-content\/uploads\/2019\/11\/isologo-imago-logo-infografia-336x250.png 336w, https:\/\/platiniumhost.com\/blog\/wp-content\/uploads\/2019\/11\/isologo-imago-logo-infografia-730x544.png 730w\" sizes=\"(max-width: 344px) 100vw, 344px\" \/> mezcla de un logotipo con un isotipo, lo que permite que puedan ser utilizados de forma aut\u00f3noma, es decir, pues encontrarse solo texto, o solo imagen, y a\u00fan entenderse.<\/p>\n<p style=\"text-align: justify;\">Para el isologotipo, el dise\u00f1ador debe condensar: icono, texto, elementos gr\u00e1ficos y colores en un solo dise\u00f1o, este formato funciona en conjunto, de tal manera que si separas alguno de estos elementos, no podr\u00e1s entender de qu\u00e9 se trata.<\/p>\n<p style=\"text-align: justify;\">Una vez definido esto, es hora de elegir el que m\u00e1s le conviene a tu marca, tomando en cuenta los objetivos de la misma y del criterio del dise\u00f1ador. Aqu\u00ed entra el profesionalismo que debe tener esta persona a la hora de dise\u00f1ar, ya que, un individuo que dise\u00f1a \u201cpor hobbie\u201d o para \u201cobtener algo de dinero extra\u201d no posee el nivel de calidad de un profesional de agencia o alg\u00fan dise\u00f1ador de renombre que tiene como objetivo el elaborar un producto creativo, \u00fanico en su especie, de acuerdo al estudio de los elementos mencionados anteriormente.<\/p>\n<p style=\"text-align: justify;\">En este proceso creativo intervienen muchos factores importantes que nos llevan a lograr ese producto \u00fanico, como lo es; la importancia del color, ya que dependiendo de su sector, target, y prop\u00f3sito los colores refuerzan el mensaje de una forma m\u00e1s directa. Por ejemplo: si se trata de una empresa de alimentos lo m\u00e1s recomendable es utilizar en el logotipo los llamados \u201ccolores comestibles\u201d tales como: amarillos, rojos, anaranjados y verdes, esto se basa en la psicolog\u00eda del color que nos indica que estos colores producen salivaci\u00f3n y si se utilizan en un logo que represente\u00a0 el sector alimenticio, lograremos que inconscientemente la persona sienta hambre logrando el efecto de compra.<br \/><br \/><img decoding=\"async\" class=\"alignleft  wp-image-1411\" src=\"https:\/\/blog.platiniumhost.com\/wp-content\/uploads\/2019\/11\/adobecc-1024x472.png\" alt=\"\" width=\"417\" height=\"192\" srcset=\"https:\/\/platiniumhost.com\/blog\/wp-content\/uploads\/2019\/11\/adobecc-1024x472.png 1024w, https:\/\/platiniumhost.com\/blog\/wp-content\/uploads\/2019\/11\/adobecc-150x69.png 150w, https:\/\/platiniumhost.com\/blog\/wp-content\/uploads\/2019\/11\/adobecc-300x138.png 300w, https:\/\/platiniumhost.com\/blog\/wp-content\/uploads\/2019\/11\/adobecc-768x354.png 768w, https:\/\/platiniumhost.com\/blog\/wp-content\/uploads\/2019\/11\/adobecc-170x78.png 170w, https:\/\/platiniumhost.com\/blog\/wp-content\/uploads\/2019\/11\/adobecc-370x171.png 370w, https:\/\/platiniumhost.com\/blog\/wp-content\/uploads\/2019\/11\/adobecc-780x360.png 780w, https:\/\/platiniumhost.com\/blog\/wp-content\/uploads\/2019\/11\/adobecc.png 1588w\" sizes=\"(max-width: 417px) 100vw, 417px\" \/>Finalmente, herramientas como estas, ayudan al dise\u00f1ador a la hora de plasmar su proceso creativo, para de esta manera lograr el impacto que desea obtener la marca. Recordemos que estos procesos son diferentes para cada identidad lo que lo sugiere que la din\u00e1mica para desarrollar estos mensajes visuales var\u00eda en funci\u00f3n de las necesidades de la empresa.<\/p>\n","protected":false},"excerpt":{"rendered":"","protected":false},"author":1,"featured_media":0,"parent":0,"menu_order":0,"comment_status":"closed","ping_status":"closed","template":"","meta":{"_monsterinsights_skip_tracking":false,"_monsterinsights_sitenote_active":false,"_monsterinsights_sitenote_note":"","_monsterinsights_sitenote_category":0,"footnotes":""},"class_list":["post-1408","page","type-page","status-publish","hentry"],"_links":{"self":[{"href":"https:\/\/platiniumhost.com\/blog\/wp-json\/wp\/v2\/pages\/1408","targetHints":{"allow":["GET"]}}],"collection":[{"href":"https:\/\/platiniumhost.com\/blog\/wp-json\/wp\/v2\/pages"}],"about":[{"href":"https:\/\/platiniumhost.com\/blog\/wp-json\/wp\/v2\/types\/page"}],"author":[{"embeddable":true,"href":"https:\/\/platiniumhost.com\/blog\/wp-json\/wp\/v2\/users\/1"}],"replies":[{"embeddable":true,"href":"https:\/\/platiniumhost.com\/blog\/wp-json\/wp\/v2\/comments?post=1408"}],"version-history":[{"count":0,"href":"https:\/\/platiniumhost.com\/blog\/wp-json\/wp\/v2\/pages\/1408\/revisions"}],"wp:attachment":[{"href":"https:\/\/platiniumhost.com\/blog\/wp-json\/wp\/v2\/media?parent=1408"}],"curies":[{"name":"wp","href":"https:\/\/api.w.org\/{rel}","templated":true}]}}